{"id":983,"date":"2017-02-17T09:25:09","date_gmt":"2017-02-17T08:25:09","guid":{"rendered":"http:\/\/www.alpesrl.com\/web-policy-privacy\/"},"modified":"2024-12-13T12:53:14","modified_gmt":"2024-12-13T11:53:14","slug":"web-policy-privacy","status":"publish","type":"page","link":"https:\/\/www.alpesrl.com\/fr\/web-policy-privacy\/","title":{"rendered":"Web Policy Privacy"},"content":{"rendered":"<h2>Cookie Policy<\/h2>\n<p><strong>Cookie Policy<\/strong><\/p>\n<p>Ces informations, conform\u00e9ment \u00e0 l&rsquo;art. 13 du RGPD &#8211; R\u00e8glement UE 2016\/679 et art. 122 Le d\u00e9cret l\u00e9gislatif 196\/2003 (ci-apr\u00e8s, \u00ab\u00a0<strong>&nbsp;Code de confidentialit\u00e9&nbsp;<\/strong>\u00ab\u00a0) d\u00e9crit les m\u00e9thodes de gestion de ce site Web appartenant \u00e0&nbsp;<strong>A.L.P.E. SRL <\/strong>en r\u00e9f\u00e9rence au traitement des donn\u00e9es personnelles des utilisateurs qui le consultent , \u00e9galement conform\u00e9ment aux dispositions de la disposition du Garant de la confidentialit\u00e9 du 10.6.2021 \u00ab\u00a0Directives pour les cookies et autres outils de suivi\u00a0\u00bb (ci-apr\u00e8s, \u00ab\u00a0<strong>&nbsp;Disposition&nbsp;<\/strong>\u00ab\u00a0). &lt; br&gt;<br \/>\nLes informations sont fournies uniquement pour le site susmentionn\u00e9 et non pour d&rsquo;autres sites Web ou sections \/ pages \/ espaces appartenant \u00e0 des tiers qui peuvent \u00eatre consult\u00e9s par l&rsquo;utilisateur via les liens appropri\u00e9s qu&rsquo;il contient.<\/p>\n<p>1. LES COOKIES ET LEUR CLASSIFICATION<\/p>\n<p>1.1. Cookie<\/p>\n<p><strong><em>Que sont les cookies&nbsp;?<\/em><\/strong><\/p>\n<p>Les cookies sont de petits fichiers texte qui sont envoy\u00e9s du site Web visit\u00e9 par l&rsquo;utilisateur \u00e0 l&rsquo;appareil de l&rsquo;utilisateur (g\u00e9n\u00e9ralement au navigateur), o\u00f9 ils sont stock\u00e9s afin de pouvoir reconna\u00eetre cet appareil lors de la prochaine visite. En effet, \u00e0 chaque visite ult\u00e9rieure, les cookies sont renvoy\u00e9s depuis l&rsquo;appareil de l&rsquo;utilisateur vers le site.<\/p>\n<p>Chaque cookie contient g\u00e9n\u00e9ralement : le nom du serveur \u00e0 partir duquel le cookie a \u00e9t\u00e9 envoy\u00e9 ; la date d&rsquo;expiration et une valeur, g\u00e9n\u00e9ralement un num\u00e9ro unique g\u00e9n\u00e9r\u00e9 al\u00e9atoirement par l&rsquo;ordinateur. Le serveur du site Web qui transf\u00e8re le cookie utilise ce num\u00e9ro pour vous reconna\u00eetre lorsque vous revenez visiter un site ou naviguez de page en page.<\/p>\n<p>Les cookies peuvent \u00eatre install\u00e9s non seulement par l&rsquo;exploitant du site visit\u00e9 par l&rsquo;utilisateur (<strong>&nbsp;cookies propri\u00e9taires&nbsp;<\/strong>), mais \u00e9galement par un site diff\u00e9rent qui installe des cookies via le premier site (<strong>&nbsp;cookie de tiers parties&nbsp;<\/strong>) et est capable de les reconna\u00eetre. Cela se produit parce que le site visit\u00e9 peut contenir des \u00e9l\u00e9ments (images, cartes, sons, liens vers des pages Web d&rsquo;autres domaines, etc.) qui r\u00e9sident sur des serveurs autres que celui du site visit\u00e9.<br \/>\nEn fonction de leur finalit\u00e9, les cookies sont divis\u00e9s en &nbsp;&nbsp;<strong>cookies techniques&nbsp;<\/strong>&nbsp; et &nbsp;&nbsp;<strong>cookies statistiques \/ de profilage&nbsp;<\/strong>.<\/p>\n<p>Les cookies techniques sont ceux utilis\u00e9s dans le seul but de \u00ab\u00a0<em>&nbsp;effectuer la transmission d&rsquo;une communication sur un r\u00e9seau de communications \u00e9lectroniques, ou dans la mesure strictement n\u00e9cessaire au fournisseur d&rsquo;un service de la soci\u00e9t\u00e9 de l&rsquo;information explicitement demand\u00e9 par l&rsquo;abonn\u00e9 ou par l&rsquo;utilisateur pour fournir ce service&nbsp;<\/em>\u00ab\u00a0(<em>&nbsp;cfr&nbsp;<\/em>. art. 122, al. 1, du Code de confidentialit\u00e9). En particulier, ces cookies sont g\u00e9n\u00e9ralement utilis\u00e9s pour permettre une navigation efficace entre les pages, m\u00e9moriser les pr\u00e9f\u00e9rences de l&rsquo;utilisateur (langue, pays, etc.), effectuer une authentification informatique, g\u00e9rer le panier ou permettre des achats en ligne, etc. ces cookies (appel\u00e9s essentiels ou &nbsp;&nbsp;<em>strictement n\u00e9cessaire&nbsp;<\/em>) activent des fonctions sans lesquelles il ne serait pas possible d&rsquo;effectuer certaines op\u00e9rations. Conform\u00e9ment \u00e0 l&rsquo;art. 122, co. 1, du Code de confidentialit\u00e9, l&rsquo;utilisation de cookies techniques ne n\u00e9cessite pas le consentement des utilisateurs.<\/p>\n<p>Les cookies techniques sont assimil\u00e9s aux &nbsp;&nbsp;<strong>cookies cd. analytics &nbsp;&nbsp;<\/strong>s&rsquo;il est utilis\u00e9 directement par le gestionnaire du site pour collecter des informations agr\u00e9g\u00e9es sur le nombre d&rsquo;utilisateurs et la fa\u00e7on dont ils visitent le site. Ces cookies permettent aux propri\u00e9taires et \/ ou aux gestionnaires des sites Web de comprendre comment les utilisateurs interagissent avec le contenu du site dans le but de l&rsquo;optimiser.<br \/>\nLes &nbsp;&nbsp;<strong>cookies de profilage&nbsp;<\/strong>&nbsp; servent, \u00e0 la place, \u00e0 suivre la navigation de l&rsquo;utilisateur, \u00e0 analyser son comportement \u00e0 des fins de marketing et \u00e0 cr\u00e9er des profils sur ses go\u00fbts, habitudes, choix, etc., afin de transmettre des messages publicitaires cibl\u00e9s en rapport avec les int\u00e9r\u00eats de l&rsquo;utilisateur lui-m\u00eame et en ligne avec les pr\u00e9f\u00e9rences exprim\u00e9es par celui-ci lors de la navigation en ligne. Ces cookies ne peuvent \u00eatre install\u00e9s sur le terminal de l&rsquo;utilisateur que s&rsquo;il a donn\u00e9 son accord avec les proc\u00e9dures simplifi\u00e9es indiqu\u00e9es dans la Disposition.<\/p>\n<p>En fonction de leur dur\u00e9e, les cookies sont divis\u00e9s en &nbsp;&nbsp;<strong>persistants&nbsp;<\/strong>, qui restent stock\u00e9s, jusqu&rsquo;\u00e0 leur expiration, sur l&rsquo;appareil de l&rsquo;utilisateur, sauf suppression par ce dernier, et en &nbsp;&nbsp;<strong>session&nbsp;<\/strong>, qui ne sont pas stock\u00e9s en permanence sur l&rsquo;appareil de l&rsquo;utilisateur et disparaissent \u00e0 la fermeture du navigateur.<\/p>\n<p><strong><em>Quels cookies sont utilis\u00e9s par ce site ?<\/em><\/strong><\/p>\n<p>__COOOKIE_TABLE__<\/p>\n<p>Dans tous les cas, les utilisateurs peuvent g\u00e9rer leurs pr\u00e9f\u00e9rences sur la publicit\u00e9 comportementale en ligne (dite \u00ab\u00a0publicit\u00e9 comportementale en ligne\u00a0\u00bb) via le site &nbsp;&nbsp;<a href=\"https:\/\/www.youronlinechoices.com\/fr\/\" target=\"_blank \">https:\/\/www.youronlinechoices.com\/fr\/<\/a>, qui r\u00e9pertorie les principaux fournisseurs de publicit\u00e9 comportementale. Gr\u00e2ce \u00e0 ce site, les utilisateurs peuvent d\u00e9sactiver ou activer toutes les entreprises ou ajuster leurs pr\u00e9f\u00e9rences individuellement pour chaque entreprise.<\/p>\n<p><strong><em>Comment d\u00e9sactiver\/modifier les cookies&nbsp;?<\/em><\/strong><\/p>\n<p>Pour modifier les pr\u00e9f\u00e9rences d\u00e9j\u00e0 exprim\u00e9es sur les cookies, un lien sp\u00e9cifique est disponible sur le site vers le panneau de configuration en marge des pages ou dans le pied de page (partie inf\u00e9rieure) du site.<br \/>\nPar d\u00e9faut, presque tous les navigateurs Web sont configur\u00e9s pour accepter automatiquement les cookies. Cependant, il est possible de modifier cette configuration par d\u00e9faut via les param\u00e8tres du navigateur. D\u00e9sactiver\/bloquer les cookies ou les supprimer peut toutefois emp\u00eacher une utilisation optimale de certaines zones du site, emp\u00eacher l&rsquo;utilisation de certains services et ralentir la navigation.<\/p>\n<p>La configuration de la gestion des cookies d\u00e9pend du navigateur utilis\u00e9. Habituellement, la configuration des cookies se fait \u00e0 partir du menu \u00ab\u00a0Pr\u00e9f\u00e9rences\u00a0\u00bb, \u00ab\u00a0Outils\u00a0\u00bb ou \u00ab\u00a0Options\u00a0\u00bb.<\/p>\n<p>Vous trouverez ci-dessous les liens vers les guides de gestion des cookies des principaux navigateurs :<br \/>\nInternet Explorer:&nbsp;<a href=\"http:\/\/support.microsoft.com\/kb\/278835\" target=\"_blank\" rel=\"noopener\">http:\/\/support.microsoft.com\/kb\/278835<\/a><br \/>\nMicrosoft Edge:&nbsp;<a href=\"https:\/\/support.microsoft.com\/it-it\/microsoft-edge\/eliminare-i-cookie-in-microsoft-edge-63947406-40ac-c3b8-57b9-2a946a29ae09\" target=\"_blank\" rel=\"noopener\">https:\/\/support.microsoft.com\/it-it\/microsoft-edge\/eliminare-i-cookie-in-microsoft-edge-63947406-40ac-c3b8-57b9-2a946a29ae09<\/a><br \/>\nChrome:&nbsp;<a href=\"http:\/\/support.google.com\/chrome\/bin\/answer.py?hl=en-GB&amp;answer=95647\" target=\"_blank\" rel=\"noopener\">http:\/\/support.google.com\/chrome\/bin\/answer.py?hl=en-GB&amp;answer=95647<\/a><br \/>\nSafari:&nbsp;<a href=\"https:\/\/support.apple.com\/it-it\/guide\/safari\/sfri11471\/mac\" target=\"_blank\" rel=\"noopener\">https:\/\/support.apple.com\/it-it\/guide\/safari\/sfri11471\/mac<\/a><br \/>\nSafari [versione mobile]:&nbsp;<a href=\"http:\/\/support.apple.com\/kb\/HT1677\" target=\"_blank\" rel=\"noopener\">http:\/\/support.apple.com\/kb\/HT1677<\/a><br \/>\nFirefox:&nbsp;<a href=\"http:\/\/support.mozilla.org\/en-US\/kb\/Enabling%20and%20disabling%20cookies\" target=\"_blank\" rel=\"noopener\">http:\/\/support.mozilla.org\/en-US\/kb\/Enabling%20and%20disabling%20cookies<\/a><\/p>\n<p><strong>2. POLITIQUE DE CONFIDENTIALIT\u00c9 \u00c9LARGIE<\/strong><\/p>\n<p><a name=\"_Hlk90393340\"><\/a>Pour plus d&rsquo;informations sur le traitement des donn\u00e9es personnelles effectu\u00e9 par le responsable du traitement, consultez les informations d\u00e9taill\u00e9es sur le lien \u00ab\u00a0Politique de confidentialit\u00e9\u00a0\u00bb dans le pied de page (partie inf\u00e9rieure) du site&nbsp;.<\/p>\n<p>&nbsp;<\/p>\n","protected":false},"excerpt":{"rendered":"<p>Cookie Policy Cookie Policy Ces informations, conform\u00e9ment \u00e0 l&rsquo;art. 13 du RGPD &#8211; R\u00e8glement UE 2016\/679 et art. 122 Le d\u00e9cret l\u00e9gislatif 196\/2003 (ci-apr\u00e8s, \u00ab\u00a0&nbsp;Code de confidentialit\u00e9&nbsp;\u00ab\u00a0) d\u00e9crit les m\u00e9thodes de gestion de ce site Web appartenant \u00e0&nbsp;A.L.P.E. SRL en r\u00e9f\u00e9rence au traitement des donn\u00e9es personnelles des utilisateurs qui le consultent , \u00e9galement conform\u00e9ment aux [&hellip;]<\/p>\n","protected":false},"author":1,"featured_media":0,"parent":0,"menu_order":0,"comment_status":"closed","ping_status":"closed","template":"","meta":{"_et_pb_use_builder":"","_et_pb_old_content":"","_et_gb_content_width":"","ngg_post_thumbnail":0,"footnotes":""},"class_list":["post-983","page","type-page","status-publish","hentry"],"yoast_head":"<!-- This site is optimized with the Yoast SEO plugin v18.5.1 - https:\/\/yoast.com\/wordpress\/plugins\/seo\/ -->\n<title>Web Policy Privacy - Alpe Srl<\/title>\n<meta name=\"robots\" content=\"index, follow, max-snippet:-1, max-image-preview:large, max-video-preview:-1\" \/>\n<link rel=\"canonical\" href=\"https:\/\/www.alpesrl.com\/fr\/web-policy-privacy\/\" \/>\n<meta property=\"og:locale\" content=\"fr_FR\" \/>\n<meta property=\"og:type\" content=\"article\" \/>\n<meta property=\"og:title\" content=\"Web Policy Privacy - Alpe Srl\" \/>\n<meta property=\"og:description\" content=\"Cookie Policy Cookie Policy Ces informations, conform\u00e9ment \u00e0 l&rsquo;art. 13 du RGPD &#8211; R\u00e8glement UE 2016\/679 et art. 122 Le d\u00e9cret l\u00e9gislatif 196\/2003 (ci-apr\u00e8s, \u00ab\u00a0&nbsp;Code de confidentialit\u00e9&nbsp;\u00ab\u00a0) d\u00e9crit les m\u00e9thodes de gestion de ce site Web appartenant \u00e0&nbsp;A.L.P.E. SRL en r\u00e9f\u00e9rence au traitement des donn\u00e9es personnelles des utilisateurs qui le consultent , \u00e9galement conform\u00e9ment aux [&hellip;]\" \/>\n<meta property=\"og:url\" content=\"https:\/\/www.alpesrl.com\/fr\/web-policy-privacy\/\" \/>\n<meta property=\"og:site_name\" content=\"Alpe Srl\" \/>\n<meta property=\"article:modified_time\" content=\"2024-12-13T11:53:14+00:00\" \/>\n<meta name=\"twitter:card\" content=\"summary_large_image\" \/>\n<meta name=\"twitter:label1\" content=\"Dur\u00e9e de lecture estim\u00e9e\" \/>\n\t<meta name=\"twitter:data1\" content=\"6 minutes\" \/>\n<script type=\"application\/ld+json\" class=\"yoast-schema-graph\">{\"@context\":\"https:\/\/schema.org\",\"@graph\":[{\"@type\":\"WebSite\",\"@id\":\"https:\/\/www.alpesrl.com\/#website\",\"url\":\"https:\/\/www.alpesrl.com\/\",\"name\":\"Alpe Srl\",\"description\":\"Pavimenti in pietra a Cuneo\",\"potentialAction\":[{\"@type\":\"SearchAction\",\"target\":{\"@type\":\"EntryPoint\",\"urlTemplate\":\"https:\/\/www.alpesrl.com\/?s={search_term_string}\"},\"query-input\":\"required name=search_term_string\"}],\"inLanguage\":\"fr-FR\"},{\"@type\":\"WebPage\",\"@id\":\"https:\/\/www.alpesrl.com\/fr\/web-policy-privacy\/#webpage\",\"url\":\"https:\/\/www.alpesrl.com\/fr\/web-policy-privacy\/\",\"name\":\"Web Policy Privacy - Alpe Srl\",\"isPartOf\":{\"@id\":\"https:\/\/www.alpesrl.com\/#website\"},\"datePublished\":\"2017-02-17T08:25:09+00:00\",\"dateModified\":\"2024-12-13T11:53:14+00:00\",\"breadcrumb\":{\"@id\":\"https:\/\/www.alpesrl.com\/fr\/web-policy-privacy\/#breadcrumb\"},\"inLanguage\":\"fr-FR\",\"potentialAction\":[{\"@type\":\"ReadAction\",\"target\":[\"https:\/\/www.alpesrl.com\/fr\/web-policy-privacy\/\"]}]},{\"@type\":\"BreadcrumbList\",\"@id\":\"https:\/\/www.alpesrl.com\/fr\/web-policy-privacy\/#breadcrumb\",\"itemListElement\":[{\"@type\":\"ListItem\",\"position\":1,\"name\":\"Home\",\"item\":\"https:\/\/www.alpesrl.com\/fr\/\"},{\"@type\":\"ListItem\",\"position\":2,\"name\":\"Web Policy Privacy\"}]}]}<\/script>\n<!-- \/ Yoast SEO plugin. -->","yoast_head_json":{"title":"Web Policy Privacy - Alpe Srl","robots":{"index":"index","follow":"follow","max-snippet":"max-snippet:-1","max-image-preview":"max-image-preview:large","max-video-preview":"max-video-preview:-1"},"canonical":"https:\/\/www.alpesrl.com\/fr\/web-policy-privacy\/","og_locale":"fr_FR","og_type":"article","og_title":"Web Policy Privacy - Alpe Srl","og_description":"Cookie Policy Cookie Policy Ces informations, conform\u00e9ment \u00e0 l&rsquo;art. 13 du RGPD &#8211; R\u00e8glement UE 2016\/679 et art. 122 Le d\u00e9cret l\u00e9gislatif 196\/2003 (ci-apr\u00e8s, \u00ab\u00a0&nbsp;Code de confidentialit\u00e9&nbsp;\u00ab\u00a0) d\u00e9crit les m\u00e9thodes de gestion de ce site Web appartenant \u00e0&nbsp;A.L.P.E. SRL en r\u00e9f\u00e9rence au traitement des donn\u00e9es personnelles des utilisateurs qui le consultent , \u00e9galement conform\u00e9ment aux [&hellip;]","og_url":"https:\/\/www.alpesrl.com\/fr\/web-policy-privacy\/","og_site_name":"Alpe Srl","article_modified_time":"2024-12-13T11:53:14+00:00","twitter_card":"summary_large_image","twitter_misc":{"Dur\u00e9e de lecture estim\u00e9e":"6 minutes"},"schema":{"@context":"https:\/\/schema.org","@graph":[{"@type":"WebSite","@id":"https:\/\/www.alpesrl.com\/#website","url":"https:\/\/www.alpesrl.com\/","name":"Alpe Srl","description":"Pavimenti in pietra a Cuneo","potentialAction":[{"@type":"SearchAction","target":{"@type":"EntryPoint","urlTemplate":"https:\/\/www.alpesrl.com\/?s={search_term_string}"},"query-input":"required name=search_term_string"}],"inLanguage":"fr-FR"},{"@type":"WebPage","@id":"https:\/\/www.alpesrl.com\/fr\/web-policy-privacy\/#webpage","url":"https:\/\/www.alpesrl.com\/fr\/web-policy-privacy\/","name":"Web Policy Privacy - Alpe Srl","isPartOf":{"@id":"https:\/\/www.alpesrl.com\/#website"},"datePublished":"2017-02-17T08:25:09+00:00","dateModified":"2024-12-13T11:53:14+00:00","breadcrumb":{"@id":"https:\/\/www.alpesrl.com\/fr\/web-policy-privacy\/#breadcrumb"},"inLanguage":"fr-FR","potentialAction":[{"@type":"ReadAction","target":["https:\/\/www.alpesrl.com\/fr\/web-policy-privacy\/"]}]},{"@type":"BreadcrumbList","@id":"https:\/\/www.alpesrl.com\/fr\/web-policy-privacy\/#breadcrumb","itemListElement":[{"@type":"ListItem","position":1,"name":"Home","item":"https:\/\/www.alpesrl.com\/fr\/"},{"@type":"ListItem","position":2,"name":"Web Policy Privacy"}]}]}},"_links":{"self":[{"href":"https:\/\/www.alpesrl.com\/fr\/wp-json\/wp\/v2\/pages\/983","targetHints":{"allow":["GET"]}}],"collection":[{"href":"https:\/\/www.alpesrl.com\/fr\/wp-json\/wp\/v2\/pages"}],"about":[{"href":"https:\/\/www.alpesrl.com\/fr\/wp-json\/wp\/v2\/types\/page"}],"author":[{"embeddable":true,"href":"https:\/\/www.alpesrl.com\/fr\/wp-json\/wp\/v2\/users\/1"}],"replies":[{"embeddable":true,"href":"https:\/\/www.alpesrl.com\/fr\/wp-json\/wp\/v2\/comments?post=983"}],"version-history":[{"count":1,"href":"https:\/\/www.alpesrl.com\/fr\/wp-json\/wp\/v2\/pages\/983\/revisions"}],"predecessor-version":[{"id":989,"href":"https:\/\/www.alpesrl.com\/fr\/wp-json\/wp\/v2\/pages\/983\/revisions\/989"}],"wp:attachment":[{"href":"https:\/\/www.alpesrl.com\/fr\/wp-json\/wp\/v2\/media?parent=983"}],"curies":[{"name":"wp","href":"https:\/\/api.w.org\/{rel}","templated":true}]}}