{"id":1024,"date":"2024-12-13T12:21:30","date_gmt":"2024-12-13T11:21:30","guid":{"rendered":"http:\/\/www.alpesrl.com\/cave\/"},"modified":"2024-12-13T16:32:08","modified_gmt":"2024-12-13T15:32:08","slug":"carrieres","status":"publish","type":"page","link":"https:\/\/www.alpesrl.com\/fr\/carrieres\/","title":{"rendered":"Carri\u00e8res"},"content":{"rendered":"<p>[et_pb_section fb_built=\u00a0\u00bb1&Prime; _builder_version=\u00a0\u00bb4.16.1&Prime; _module_preset=\u00a0\u00bbdefault\u00a0\u00bb background_color=\u00a0\u00bbrgba(32,73,91,0.2)\u00a0\u00bb custom_padding=\u00a0\u00bb0px||0px||true|false\u00a0\u00bb global_colors_info=\u00a0\u00bb{}\u00a0\u00bb][et_pb_row _builder_version=\u00a0\u00bb4.16.1&Prime; _module_preset=\u00a0\u00bbdefault\u00a0\u00bb background_color=\u00a0\u00bb#FFFFFF\u00a0\u00bb custom_padding=\u00a0\u00bb80px|50px|80px|50px|true|true\u00a0\u00bb box_shadow_style=\u00a0\u00bbpreset3&Prime; box_shadow_blur=\u00a0\u00bb30px\u00a0\u00bb global_colors_info=\u00a0\u00bb{}\u00a0\u00bb][et_pb_column type=\u00a0\u00bb4_4&Prime; _builder_version=\u00a0\u00bb4.16.1&Prime; _module_preset=\u00a0\u00bbdefault\u00a0\u00bb global_colors_info=\u00a0\u00bb{}\u00a0\u00bb][et_pb_post_title meta=\u00a0\u00bboff\u00a0\u00bb featured_image=\u00a0\u00bboff\u00a0\u00bb _builder_version=\u00a0\u00bb4.16.1&Prime; _module_preset=\u00a0\u00bbdefault\u00a0\u00bb title_font=\u00a0\u00bb|700||on|||||\u00a0\u00bb title_text_color=\u00a0\u00bb#20495b\u00a0\u00bb global_colors_info=\u00a0\u00bb{}\u00a0\u00bb][\/et_pb_post_title][\/et_pb_column][\/et_pb_row][\/et_pb_section][et_pb_section fb_built=\u00a0\u00bb1&Prime; _builder_version=\u00a0\u00bb4.16.1&Prime; _module_preset=\u00a0\u00bbdefault\u00a0\u00bb custom_padding=\u00a0\u00bb||150px||false|false\u00a0\u00bb global_colors_info=\u00a0\u00bb{}\u00a0\u00bb][et_pb_row column_structure=\u00a0\u00bb1_2,1_2&Prime; use_custom_gutter=\u00a0\u00bbon\u00a0\u00bb gutter_width=\u00a0\u00bb1&Prime; make_equal=\u00a0\u00bbon\u00a0\u00bb module_id=\u00a0\u00bbazienda\u00a0\u00bb _builder_version=\u00a0\u00bb4.17.0&Prime; _module_preset=\u00a0\u00bbdefault\u00a0\u00bb custom_padding=\u00a0\u00bb0px||0px||true|false\u00a0\u00bb global_colors_info=\u00a0\u00bb{}\u00a0\u00bb][et_pb_column type=\u00a0\u00bb1_2&Prime; _builder_version=\u00a0\u00bb4.17.0&Prime; _module_preset=\u00a0\u00bbdefault\u00a0\u00bb background_image=\u00a0\u00bbhttp:\/\/www.alpesrl.com\/wp-content\/uploads\/2022\/04\/cave.jpg\u00a0\u00bb global_colors_info=\u00a0\u00bb{}\u00a0\u00bb][et_pb_divider show_divider=\u00a0\u00bboff\u00a0\u00bb _builder_version=\u00a0\u00bb4.16.1&Prime; _module_preset=\u00a0\u00bbdefault\u00a0\u00bb custom_padding=\u00a0\u00bb||||true\u00a0\u00bb custom_padding_tablet=\u00a0\u00bb30%||30%||true|false\u00a0\u00bb custom_padding_phone=\u00a0\u00bb30%||30%||true|false\u00a0\u00bb custom_padding_last_edited=\u00a0\u00bbon|tablet\u00a0\u00bb global_colors_info=\u00a0\u00bb{}\u00a0\u00bb][\/et_pb_divider][\/et_pb_column][et_pb_column type=\u00a0\u00bb1_2&Prime; _builder_version=\u00a0\u00bb4.16.1&Prime; _module_preset=\u00a0\u00bbdefault\u00a0\u00bb background_color=\u00a0\u00bbrgba(0,0,0,0.1)\u00a0\u00bb custom_padding=\u00a0\u00bb80px|50px|80px|50px|true|true\u00a0\u00bb custom_padding_tablet=\u00a0\u00bb80px|50px|80px|50px|true|true\u00a0\u00bb custom_padding_phone=\u00a0\u00bb50px|30px|50px|30px|true|true\u00a0\u00bb custom_padding_last_edited=\u00a0\u00bbon|phone\u00a0\u00bb global_colors_info=\u00a0\u00bb{}\u00a0\u00bb][et_pb_text _builder_version=\u00a0\u00bb4.17.0&Prime; _module_preset=\u00a0\u00bbdefault\u00a0\u00bb header_3_font=\u00a0\u00bb|700||on|||||\u00a0\u00bb custom_padding=\u00a0\u00bb||10px||false|false\u00a0\u00bb hover_enabled=\u00a0\u00bb0&Prime; global_colors_info=\u00a0\u00bb{}\u00a0\u00bb sticky_enabled=\u00a0\u00bb0&Prime;]<\/p>\n<h3>Explorez l&rsquo;univers de la pierre : \u00e0 travers la majest\u00e9 de nos carri\u00e8res<\/h3>\n<p>[\/et_pb_text][et_pb_text _builder_version=\u00a0\u00bb4.17.0&Prime; _module_preset=\u00a0\u00bbdefault\u00a0\u00bb text_font=\u00a0\u00bb|300|||||||\u00a0\u00bb text_line_height=\u00a0\u00bb2em\u00a0\u00bb header_3_font=\u00a0\u00bb|700|||||||\u00a0\u00bb hover_enabled=\u00a0\u00bb0&Prime; global_colors_info=\u00a0\u00bb{}\u00a0\u00bb sticky_enabled=\u00a0\u00bb0&Prime;]Bienvenue au c\u0153ur des Alpes Cottiennes, o\u00f9 la nature et l&rsquo;art se rejoignent dans la cr\u00e9ation de la pierre de Luserna. Nos carri\u00e8res, lieux de vie d&rsquo;une tradition mini\u00e8re in\u00e9gal\u00e9e, sont la carri\u00e8re Rocche Grana, la carri\u00e8re Casette et la carri\u00e8re Bricco Volti. Ces v\u00e9ritables oasis de merveilles s&rsquo;\u00e9tendent entre le Val Pellice et le Val Infernotto, \u00e0 1 km de Montoso, dans le Pi\u00e9mont, \u00e0 une altitude d&rsquo;environ 1400 m\u00e8tres.<\/p>\n<p>L&rsquo;extraction implique l&rsquo;utilisation de machines de forage qui permettent un positionnement cibl\u00e9 et pr\u00e9cis de l&rsquo;explosif, dans le but d&rsquo;obtenir des blocs r\u00e9guliers, semblables \u00e0 des \u0153uvres d&rsquo;art naturelles, sans compromettre leur beaut\u00e9. Elles donnent le jour \u00e0 des blocs dont l&rsquo;\u00e9vidente majest\u00e9 peut devenir partie int\u00e9grante de vos projets.<br \/>\nChaque pierre extraite des carri\u00e8res de Rocche Grana, Casette et Bricco Volti est une pi\u00e8ce unique de la nature, pr\u00eate \u00e0 raconter son histoire dans vos espaces. Nous ne sommes pas de simples carriers, mais les gardiens d&rsquo;une beaut\u00e9 mill\u00e9naire, que nous faisons entrer dans votre vie quotidienne.<br \/>\nExplorez avec nous le monde des pierres, o\u00f9 la magie de la nature se m\u00eale \u00e0 la pr\u00e9cision de l&rsquo;art de l&rsquo;extraction.<br \/>\n[\/et_pb_text][\/et_pb_column][\/et_pb_row][et_pb_row column_structure=\u00a0\u00bb1_2,1_2&Prime; use_custom_gutter=\u00a0\u00bbon\u00a0\u00bb gutter_width=\u00a0\u00bb1&Prime; make_equal=\u00a0\u00bbon\u00a0\u00bb module_id=\u00a0\u00bblaboratorio\u00a0\u00bb _builder_version=\u00a0\u00bb4.17.0&Prime; _module_preset=\u00a0\u00bbdefault\u00a0\u00bb custom_padding=\u00a0\u00bb0px||0px||true|false\u00a0\u00bb global_colors_info=\u00a0\u00bb{}\u00a0\u00bb custom_css_main_element_last_edited=\u00a0\u00bbon|tablet\u00a0\u00bb custom_css_main_element_tablet=\u00a0\u00bbdisplay:flex;||flex-flow:column-reverse;\u00a0\u00bb custom_css_main_element_phone=\u00a0\u00bbdisplay:flex;||flex-flow:column-reverse;\u00a0\u00bb][et_pb_column type=\u00a0\u00bb1_2&Prime; _builder_version=\u00a0\u00bb4.16.1&Prime; _module_preset=\u00a0\u00bbdefault\u00a0\u00bb background_enable_color=\u00a0\u00bboff\u00a0\u00bb custom_padding=\u00a0\u00bb80px|50px|80px|50px|true|true\u00a0\u00bb custom_padding_tablet=\u00a0\u00bb||||true|true\u00a0\u00bb custom_padding_phone=\u00a0\u00bb50px|30px|50px|30px|true|true\u00a0\u00bb custom_padding_last_edited=\u00a0\u00bbon|phone\u00a0\u00bb global_colors_info=\u00a0\u00bb{}\u00a0\u00bb][et_pb_text _builder_version=\u00a0\u00bb4.17.0&Prime; _module_preset=\u00a0\u00bbdefault\u00a0\u00bb header_3_font=\u00a0\u00bb|700||on|||||\u00a0\u00bb custom_padding=\u00a0\u00bb||10px||false|false\u00a0\u00bb hover_enabled=\u00a0\u00bb0&Prime; global_colors_info=\u00a0\u00bb{}\u00a0\u00bb sticky_enabled=\u00a0\u00bb0&Prime;]<\/p>\n<h3>Quand la pierre se transforme en art:<\/h3>\n<p>[\/et_pb_text][et_pb_text _builder_version=\u00a0\u00bb4.17.0&Prime; _module_preset=\u00a0\u00bbdefault\u00a0\u00bb text_font=\u00a0\u00bb|300|||||||\u00a0\u00bb text_line_height=\u00a0\u00bb2em\u00a0\u00bb hover_enabled=\u00a0\u00bb0&Prime; global_colors_info=\u00a0\u00bb{}\u00a0\u00bb sticky_enabled=\u00a0\u00bb0&Prime;]\u00c0 partir de la s\u00e9lection minutieuse qui suit l&rsquo;extraction, les blocs de pierre entament un voyage extraordinaire. Transport\u00e9s avec le plus grand soin dans nos ateliers, ils deviennent le cadre de vos cr\u00e9ations : des escaliers imposants aux \u00e9l\u00e9gants appuis de fen\u00eatre, des plans de travail de cuisine qui allient fonctionnalit\u00e9 et style aux receveurs de douche qui transforment la salle de bains en une luxueuse oasis. Mais ce n&rsquo;est pas tout : les dessus de chemin\u00e9e, les merveilles d\u00e9corant l&rsquo;int\u00e9rieur et les \u00e9l\u00e9ments con\u00e7us pour les espaces ext\u00e9rieurs se transforment en ic\u00f4nes \u00e0 la beaut\u00e9 intemporelle.<\/p>\n<p>Entre nos mains, la pierre n&rsquo;est pas seulement un mat\u00e9riau, mais une base essentielle de votre environnement. Chaque coupe et chaque op\u00e9ration est un pas vers la perfection, une ode \u00e0 la beaut\u00e9 qui va au-del\u00e0 des simples surfaces.<\/p>\n<p>Bienvenue dans notre atelier, o\u00f9 la pierre se transforme en po\u00e9sie et o\u00f9 chaque t\u00e2che est une \u0153uvre d&rsquo;art en devenir. Choisir LE TRAVAIL DE LA PIERRE avec nous, c&rsquo;est faire entrer la magie de la nature dans votre espace, combin\u00e9e \u00e0 la fonctionnalit\u00e9 et \u00e0 l&rsquo;unicit\u00e9 de nos r\u00e9alisations.[\/et_pb_text][\/et_pb_column][et_pb_column type=\u00a0\u00bb1_2&Prime; _builder_version=\u00a0\u00bb4.17.0&Prime; _module_preset=\u00a0\u00bbdefault\u00a0\u00bb background_image=\u00a0\u00bbhttp:\/\/www.alpesrl.com\/wp-content\/uploads\/2022\/04\/cava3_r.jpg\u00a0\u00bb global_colors_info=\u00a0\u00bb{}\u00a0\u00bb][et_pb_divider show_divider=\u00a0\u00bboff\u00a0\u00bb _builder_version=\u00a0\u00bb4.16.1&Prime; _module_preset=\u00a0\u00bbdefault\u00a0\u00bb custom_padding=\u00a0\u00bb||||true\u00a0\u00bb custom_padding_tablet=\u00a0\u00bb30%||30%||true|false\u00a0\u00bb custom_padding_phone=\u00a0\u00bb30%||30%||true|false\u00a0\u00bb custom_padding_last_edited=\u00a0\u00bbon|tablet\u00a0\u00bb global_colors_info=\u00a0\u00bb{}\u00a0\u00bb][\/et_pb_divider][\/et_pb_column][\/et_pb_row][\/et_pb_section][et_pb_section fb_built=\u00a0\u00bb1&Prime; custom_padding_last_edited=\u00a0\u00bbon|phone\u00a0\u00bb _builder_version=\u00a0\u00bb4.16.1&Prime; _module_preset=\u00a0\u00bbdefault\u00a0\u00bb background_image=\u00a0\u00bbhttp:\/\/www.alpesrl.com\/wp-content\/uploads\/2022\/04\/slider-home3-1.jpg\u00a0\u00bb parallax=\u00a0\u00bbon\u00a0\u00bb parallax_method=\u00a0\u00bboff\u00a0\u00bb custom_padding=\u00a0\u00bb0px||10%||false|false\u00a0\u00bb custom_padding_tablet=\u00a0\u00bb||20%||false|false\u00a0\u00bb custom_padding_phone=\u00a0\u00bb||20%||false|false\u00a0\u00bb global_colors_info=\u00a0\u00bb{}\u00a0\u00bb][et_pb_row custom_padding_last_edited=\u00a0\u00bbon|phone\u00a0\u00bb _builder_version=\u00a0\u00bb4.16.1&Prime; _module_preset=\u00a0\u00bbdefault\u00a0\u00bb background_color=\u00a0\u00bb#FFFFFF\u00a0\u00bb transform_scale_tablet=\u00a0\u00bb\u00a0\u00bb transform_scale_phone=\u00a0\u00bb\u00a0\u00bb transform_scale_last_edited=\u00a0\u00bbon|desktop\u00a0\u00bb transform_translate=\u00a0\u00bb0px|-60px\u00a0\u00bb transform_translate_tablet=\u00a0\u00bb0px|-80px\u00a0\u00bb transform_translate_phone=\u00a0\u00bb0px|-100px\u00a0\u00bb transform_translate_last_edited=\u00a0\u00bbon|phone\u00a0\u00bb transform_translate_linked=\u00a0\u00bboff\u00a0\u00bb transform_rotate_tablet=\u00a0\u00bb\u00a0\u00bb transform_rotate_phone=\u00a0\u00bb\u00a0\u00bb transform_rotate_last_edited=\u00a0\u00bbon|desktop\u00a0\u00bb transform_skew_tablet=\u00a0\u00bb\u00a0\u00bb transform_skew_phone=\u00a0\u00bb\u00a0\u00bb transform_skew_last_edited=\u00a0\u00bbon|desktop\u00a0\u00bb transform_origin_tablet=\u00a0\u00bb\u00a0\u00bb transform_origin_phone=\u00a0\u00bb\u00a0\u00bb transform_origin_last_edited=\u00a0\u00bbon|desktop\u00a0\u00bb transform_styles_last_edited=\u00a0\u00bbon|phone\u00a0\u00bb custom_padding=\u00a0\u00bb100px|60px|100px|60px|true|true\u00a0\u00bb custom_padding_tablet=\u00a0\u00bb80px|40px|80px|40px|true|true\u00a0\u00bb custom_padding_phone=\u00a0\u00bb50px|20px|50px|20px|true|true\u00a0\u00bb transform_styles_tablet=\u00a0\u00bb\u00a0\u00bb transform_styles_phone=\u00a0\u00bb\u00a0\u00bb box_shadow_style=\u00a0\u00bbpreset1&Prime; box_shadow_blur=\u00a0\u00bb30px\u00a0\u00bb box_shadow_color=\u00a0\u00bbrgba(0,0,0,0.1)\u00a0\u00bb global_colors_info=\u00a0\u00bb{}\u00a0\u00bb][et_pb_column type=\u00a0\u00bb4_4&Prime; _builder_version=\u00a0\u00bb4.16.1&Prime; _module_preset=\u00a0\u00bbdefault\u00a0\u00bb global_colors_info=\u00a0\u00bb{}\u00a0\u00bb][et_pb_image src=\u00a0\u00bbhttp:\/\/www.alpesrl.com\/wp-content\/uploads\/2022\/04\/favicon.png\u00a0\u00bb title_text=\u00a0\u00bbfavicon\u00a0\u00bb align=\u00a0\u00bbcenter\u00a0\u00bb _builder_version=\u00a0\u00bb4.17.0&Prime; _module_preset=\u00a0\u00bbdefault\u00a0\u00bb global_colors_info=\u00a0\u00bb{}\u00a0\u00bb][\/et_pb_image][et_pb_text _builder_version=\u00a0\u00bb4.17.0&Prime; _module_preset=\u00a0\u00bbdefault\u00a0\u00bb header_2_font=\u00a0\u00bb|700||on|||||\u00a0\u00bb header_2_text_align=\u00a0\u00bbcenter\u00a0\u00bb header_2_font_size=\u00a0\u00bb35px\u00a0\u00bb header_3_font=\u00a0\u00bb|300||on|||||\u00a0\u00bb header_3_text_align=\u00a0\u00bbcenter\u00a0\u00bb header_3_font_size=\u00a0\u00bb16px\u00a0\u00bb header_3_letter_spacing=\u00a0\u00bb1px\u00a0\u00bb hover_enabled=\u00a0\u00bb0&Prime; header_2_font_size_tablet=\u00a0\u00bb35px\u00a0\u00bb header_2_font_size_phone=\u00a0\u00bb25px\u00a0\u00bb header_2_font_size_last_edited=\u00a0\u00bbon|phone\u00a0\u00bb header_3_font_size_tablet=\u00a0\u00bb16px\u00a0\u00bb header_3_font_size_phone=\u00a0\u00bb13px\u00a0\u00bb header_3_font_size_last_edited=\u00a0\u00bbon|phone\u00a0\u00bb global_colors_info=\u00a0\u00bb{}\u00a0\u00bb sticky_enabled=\u00a0\u00bb0&Prime;]<\/p>\n<h3>Extraction et traitement de la pierre<\/h3>\n<h2>Contactez-nous<\/h2>\n<p>[\/et_pb_text][et_pb_button button_url=\u00a0\u00bbhttp:\/\/www.alpesrl.com\/fr\/contacts\/\u00a0\u00bb button_text=\u00a0\u00bbAcc\u00e9der au formulaire\u00a0\u00bb button_alignment=\u00a0\u00bbcenter\u00a0\u00bb _builder_version=\u00a0\u00bb4.17.0&Prime; _module_preset=\u00a0\u00bbdefault\u00a0\u00bb custom_button=\u00a0\u00bbon\u00a0\u00bb button_text_size=\u00a0\u00bb15px\u00a0\u00bb button_border_radius=\u00a0\u00bb5px\u00a0\u00bb button_font=\u00a0\u00bb|700||on|||||\u00a0\u00bb button_icon=\u00a0\u00bb&#x24;||divi||400&Prime; custom_padding=\u00a0\u00bb15px|60px|15px|60px|true|true\u00a0\u00bb custom_padding_tablet=\u00a0\u00bb15px|60px|15px|60px|true|true\u00a0\u00bb custom_padding_phone=\u00a0\u00bb|40px||40px|true|true\u00a0\u00bb custom_padding_last_edited=\u00a0\u00bbon|phone\u00a0\u00bb hover_enabled=\u00a0\u00bb0&Prime; button_text_size_tablet=\u00a0\u00bb15px\u00a0\u00bb button_text_size_phone=\u00a0\u00bb14px\u00a0\u00bb button_text_size_last_edited=\u00a0\u00bbon|phone\u00a0\u00bb global_colors_info=\u00a0\u00bb{}\u00a0\u00bb sticky_enabled=\u00a0\u00bb0&Prime;][\/et_pb_button][\/et_pb_column][\/et_pb_row][\/et_pb_section]<\/p>\n","protected":false},"excerpt":{"rendered":"<p>Explorez l&rsquo;univers de la pierre : \u00e0 travers la majest\u00e9 de nos carri\u00e8resBienvenue au c\u0153ur des Alpes Cottiennes, o\u00f9 la nature et l&rsquo;art se rejoignent dans la cr\u00e9ation de la pierre de Luserna. Nos carri\u00e8res, lieux de vie d&rsquo;une tradition mini\u00e8re in\u00e9gal\u00e9e, sont la carri\u00e8re Rocche Grana, la carri\u00e8re Casette et la carri\u00e8re Bricco Volti. [&hellip;]<\/p>\n","protected":false},"author":1,"featured_media":0,"parent":0,"menu_order":0,"comment_status":"closed","ping_status":"closed","template":"","meta":{"_et_pb_use_builder":"on","_et_pb_old_content":"","_et_gb_content_width":"","ngg_post_thumbnail":0,"footnotes":""},"class_list":["post-1024","page","type-page","status-publish","hentry"],"yoast_head":"<!-- This site is optimized with the Yoast SEO plugin v18.5.1 - https:\/\/yoast.com\/wordpress\/plugins\/seo\/ -->\n<title>Carri\u00e8res - Alpe Srl<\/title>\n<meta name=\"robots\" content=\"index, follow, max-snippet:-1, max-image-preview:large, max-video-preview:-1\" \/>\n<link rel=\"canonical\" href=\"https:\/\/www.alpesrl.com\/fr\/carrieres\/\" \/>\n<meta property=\"og:locale\" content=\"fr_FR\" \/>\n<meta property=\"og:type\" content=\"article\" \/>\n<meta property=\"og:title\" content=\"Carri\u00e8res - Alpe Srl\" \/>\n<meta property=\"og:description\" content=\"Explorez l&#039;univers de la pierre : \u00e0 travers la majest\u00e9 de nos carri\u00e8resBienvenue au c\u0153ur des Alpes Cottiennes, o\u00f9 la nature et l&#039;art se rejoignent dans la cr\u00e9ation de la pierre de Luserna. Nos carri\u00e8res, lieux de vie d&#039;une tradition mini\u00e8re in\u00e9gal\u00e9e, sont la carri\u00e8re Rocche Grana, la carri\u00e8re Casette et la carri\u00e8re Bricco Volti. [&hellip;]\" \/>\n<meta property=\"og:url\" content=\"https:\/\/www.alpesrl.com\/fr\/carrieres\/\" \/>\n<meta property=\"og:site_name\" content=\"Alpe Srl\" \/>\n<meta property=\"article:modified_time\" content=\"2024-12-13T15:32:08+00:00\" \/>\n<meta name=\"twitter:card\" content=\"summary_large_image\" \/>\n<meta name=\"twitter:label1\" content=\"Dur\u00e9e de lecture estim\u00e9e\" \/>\n\t<meta name=\"twitter:data1\" content=\"7 minutes\" \/>\n<script type=\"application\/ld+json\" class=\"yoast-schema-graph\">{\"@context\":\"https:\/\/schema.org\",\"@graph\":[{\"@type\":\"WebSite\",\"@id\":\"https:\/\/www.alpesrl.com\/#website\",\"url\":\"https:\/\/www.alpesrl.com\/\",\"name\":\"Alpe Srl\",\"description\":\"Pavimenti in pietra a Cuneo\",\"potentialAction\":[{\"@type\":\"SearchAction\",\"target\":{\"@type\":\"EntryPoint\",\"urlTemplate\":\"https:\/\/www.alpesrl.com\/?s={search_term_string}\"},\"query-input\":\"required name=search_term_string\"}],\"inLanguage\":\"fr-FR\"},{\"@type\":\"WebPage\",\"@id\":\"https:\/\/www.alpesrl.com\/fr\/carrieres\/#webpage\",\"url\":\"https:\/\/www.alpesrl.com\/fr\/carrieres\/\",\"name\":\"Carri\u00e8res - Alpe Srl\",\"isPartOf\":{\"@id\":\"https:\/\/www.alpesrl.com\/#website\"},\"datePublished\":\"2024-12-13T11:21:30+00:00\",\"dateModified\":\"2024-12-13T15:32:08+00:00\",\"breadcrumb\":{\"@id\":\"https:\/\/www.alpesrl.com\/fr\/carrieres\/#breadcrumb\"},\"inLanguage\":\"fr-FR\",\"potentialAction\":[{\"@type\":\"ReadAction\",\"target\":[\"https:\/\/www.alpesrl.com\/fr\/carrieres\/\"]}]},{\"@type\":\"BreadcrumbList\",\"@id\":\"https:\/\/www.alpesrl.com\/fr\/carrieres\/#breadcrumb\",\"itemListElement\":[{\"@type\":\"ListItem\",\"position\":1,\"name\":\"Home\",\"item\":\"https:\/\/www.alpesrl.com\/fr\/\"},{\"@type\":\"ListItem\",\"position\":2,\"name\":\"Carri\u00e8res\"}]}]}<\/script>\n<!-- \/ Yoast SEO plugin. -->","yoast_head_json":{"title":"Carri\u00e8res - Alpe Srl","robots":{"index":"index","follow":"follow","max-snippet":"max-snippet:-1","max-image-preview":"max-image-preview:large","max-video-preview":"max-video-preview:-1"},"canonical":"https:\/\/www.alpesrl.com\/fr\/carrieres\/","og_locale":"fr_FR","og_type":"article","og_title":"Carri\u00e8res - Alpe Srl","og_description":"Explorez l'univers de la pierre : \u00e0 travers la majest\u00e9 de nos carri\u00e8resBienvenue au c\u0153ur des Alpes Cottiennes, o\u00f9 la nature et l'art se rejoignent dans la cr\u00e9ation de la pierre de Luserna. Nos carri\u00e8res, lieux de vie d'une tradition mini\u00e8re in\u00e9gal\u00e9e, sont la carri\u00e8re Rocche Grana, la carri\u00e8re Casette et la carri\u00e8re Bricco Volti. [&hellip;]","og_url":"https:\/\/www.alpesrl.com\/fr\/carrieres\/","og_site_name":"Alpe Srl","article_modified_time":"2024-12-13T15:32:08+00:00","twitter_card":"summary_large_image","twitter_misc":{"Dur\u00e9e de lecture estim\u00e9e":"7 minutes"},"schema":{"@context":"https:\/\/schema.org","@graph":[{"@type":"WebSite","@id":"https:\/\/www.alpesrl.com\/#website","url":"https:\/\/www.alpesrl.com\/","name":"Alpe Srl","description":"Pavimenti in pietra a Cuneo","potentialAction":[{"@type":"SearchAction","target":{"@type":"EntryPoint","urlTemplate":"https:\/\/www.alpesrl.com\/?s={search_term_string}"},"query-input":"required name=search_term_string"}],"inLanguage":"fr-FR"},{"@type":"WebPage","@id":"https:\/\/www.alpesrl.com\/fr\/carrieres\/#webpage","url":"https:\/\/www.alpesrl.com\/fr\/carrieres\/","name":"Carri\u00e8res - Alpe Srl","isPartOf":{"@id":"https:\/\/www.alpesrl.com\/#website"},"datePublished":"2024-12-13T11:21:30+00:00","dateModified":"2024-12-13T15:32:08+00:00","breadcrumb":{"@id":"https:\/\/www.alpesrl.com\/fr\/carrieres\/#breadcrumb"},"inLanguage":"fr-FR","potentialAction":[{"@type":"ReadAction","target":["https:\/\/www.alpesrl.com\/fr\/carrieres\/"]}]},{"@type":"BreadcrumbList","@id":"https:\/\/www.alpesrl.com\/fr\/carrieres\/#breadcrumb","itemListElement":[{"@type":"ListItem","position":1,"name":"Home","item":"https:\/\/www.alpesrl.com\/fr\/"},{"@type":"ListItem","position":2,"name":"Carri\u00e8res"}]}]}},"_links":{"self":[{"href":"https:\/\/www.alpesrl.com\/fr\/wp-json\/wp\/v2\/pages\/1024","targetHints":{"allow":["GET"]}}],"collection":[{"href":"https:\/\/www.alpesrl.com\/fr\/wp-json\/wp\/v2\/pages"}],"about":[{"href":"https:\/\/www.alpesrl.com\/fr\/wp-json\/wp\/v2\/types\/page"}],"author":[{"embeddable":true,"href":"https:\/\/www.alpesrl.com\/fr\/wp-json\/wp\/v2\/users\/1"}],"replies":[{"embeddable":true,"href":"https:\/\/www.alpesrl.com\/fr\/wp-json\/wp\/v2\/comments?post=1024"}],"version-history":[{"count":3,"href":"https:\/\/www.alpesrl.com\/fr\/wp-json\/wp\/v2\/pages\/1024\/revisions"}],"predecessor-version":[{"id":1294,"href":"https:\/\/www.alpesrl.com\/fr\/wp-json\/wp\/v2\/pages\/1024\/revisions\/1294"}],"wp:attachment":[{"href":"https:\/\/www.alpesrl.com\/fr\/wp-json\/wp\/v2\/media?parent=1024"}],"curies":[{"name":"wp","href":"https:\/\/api.w.org\/{rel}","templated":true}]}}