{"id":984,"date":"2017-02-17T09:25:09","date_gmt":"2017-02-17T08:25:09","guid":{"rendered":"http:\/\/www.alpesrl.com\/web-policy-privacy\/"},"modified":"2024-12-13T12:54:36","modified_gmt":"2024-12-13T11:54:36","slug":"web-policy-privacy","status":"publish","type":"page","link":"https:\/\/www.alpesrl.com\/de\/web-policy-privacy\/","title":{"rendered":"Web Policy Privacy"},"content":{"rendered":"<h2>Cookie Policy<\/h2>\n<p><strong>Cookie Policy<\/strong><\/p>\n<p>Diese Informationen gem\u00e4\u00df Art. 13 der DSGVO &#8211; EU-Verordnung 2016\/679 und Art. 122 Gesetzesdekret 196\/2003 (im Folgenden &#8222;<strong>&nbsp;Datenschutzkodex&nbsp;<\/strong>&#8222;) beschreibt die Verwaltungsmethoden dieser Website im Besitz von&nbsp;<strong>A.L.P.E. SRL<\/strong>in Bezug auf die Datenverarbeitung personenbezogener Daten von Benutzern, die sie konsultieren , auch gem\u00e4\u00df den Bestimmungen der Bestimmung des Datenschutzgaranten vom 10.6.2021 &#8222;Richtlinien f\u00fcr Cookies und andere Tracking-Tools&#8220; (nachfolgend &#8222;<strong>&nbsp;Bestimmung&nbsp;<\/strong>&#8222;). &lt; br&gt;<br \/>\nDie Informationen werden nur f\u00fcr die oben genannte Website bereitgestellt und nicht f\u00fcr andere Websites oder Abschnitte \/ Seiten \/ Bereiche, die sich im Besitz von Dritten befinden und vom Benutzer \u00fcber entsprechende Links darin aufgerufen werden k\u00f6nnen.<\/p>\n<p><strong>1. COOKIES UND IHRE KLASSIFIZIERUNG<\/strong><\/p>\n<p><strong>1.1. Cookie<\/strong><\/p>\n<p><strong><em>Was sind Cookies?<\/em><\/strong><\/p>\n<p>Cookies sind kleine Textdateien, die von der besuchten Website des Nutzers an das Ger\u00e4t des Nutzers (in der Regel an den Browser) gesendet und dort gespeichert werden, um dieses Ger\u00e4t beim n\u00e4chsten Besuch wiedererkennen zu k\u00f6nnen. Tats\u00e4chlich werden die Cookies bei jedem nachfolgenden Besuch vom Ger\u00e4t des Benutzers an die Site zur\u00fcckgesendet.<\/p>\n<p>Jedes Cookie enth\u00e4lt im Allgemeinen: den Namen des Servers, von dem das Cookie gesendet wurde; das Ablaufdatum und ein Wert, normalerweise eine eindeutige Zahl, die zuf\u00e4llig vom Computer generiert wird. Der Website-Server, der das Cookie \u00fcbertr\u00e4gt, verwendet diese Nummer, um Sie wiederzuerkennen, wenn Sie eine Website erneut besuchen oder von Seite zu Seite navigieren.<\/p>\n<p>Cookies k\u00f6nnen nicht nur vom Betreiber der vom Benutzer besuchten Site (<strong>&nbsp;First-Party-Cookies&nbsp;<\/strong>) installiert werden, sondern auch von einer anderen Site, die Cookies \u00fcber die erste Site installiert (<strong>&nbsp;Cookie von Drittanbietern). Parteien&nbsp;<\/strong>) und kann sie erkennen. Dies geschieht, weil die besuchte Site Elemente (Bilder, Karten, Sounds, Links zu Webseiten anderer Dom\u00e4nen usw.) enthalten kann, die sich auf anderen Servern als dem der besuchten Site befinden.<br \/>\nJe nach Zweck werden Cookies in&nbsp;<strong>technische Cookies&nbsp;<\/strong>und&nbsp;<strong>statistische \/ Profiling-Cookies&nbsp;<\/strong>unterteilt.<\/p>\n<p>Technische Cookies sind solche, die ausschlie\u00dflich zu dem Zweck verwendet werden, &#8222;<em>&nbsp;die \u00dcbertragung einer Kommunikation \u00fcber ein elektronisches Kommunikationsnetz durchzuf\u00fchren, oder soweit dies f\u00fcr den Anbieter eines Dienstes der Informationsgesellschaft unbedingt erforderlich ist, der vom Abonnenten oder Benutzer ausdr\u00fccklich angefordert wird&#8220;. um diesen Dienst bereitzustellen&nbsp;<\/em>&#8222;(<em>&nbsp;cfr&nbsp;<\/em>. Art. 122, Abs. 1 des Datenschutzgesetzes). Insbesondere werden diese Cookies normalerweise verwendet, um eine effiziente Navigation zwischen Seiten zu erm\u00f6glichen, sich Benutzereinstellungen (Sprache, Land usw.) &gt; unbedingt erforderlich ) Funktionen aktivieren, ohne die einige Operationen nicht m\u00f6glich w\u00e4ren. Nach dem oben genannten Art. 122, co. 1 des Datenschutzgesetzes erfordert die Verwendung von technischen Cookies keine Zustimmung der Benutzer.<\/p>\n<p>Technische Cookies werden&nbsp;<strong>cd-Cookies gleichgesetzt. Analytics&nbsp;<\/strong>, wenn sie direkt vom Site-Manager verwendet wird, um aggregierte Informationen \u00fcber die Anzahl der Benutzer und deren Besuch auf der Site zu sammeln. Diese Cookies erm\u00f6glichen es den Eigent\u00fcmern und \/ oder Managern der Websites zu verstehen, wie Benutzer mit den Inhalten der Website interagieren, um diese zu optimieren.<br \/>\nDie&nbsp;<strong>Profiling-Cookies&nbsp;<\/strong>hingegen werden verwendet, um die Navigation des Benutzers zu verfolgen, sein Verhalten f\u00fcr Marketingzwecke zu analysieren und Profile \u00fcber seinen Geschmack, seine Gewohnheiten, seine Entscheidungen usw. zu erstellen, um Werbebotschaften zu \u00fcbermitteln gezielt in Bezug auf die Interessen des Benutzers und in \u00dcbereinstimmung mit den von ihm beim Online-Browsing ge\u00e4u\u00dferten Pr\u00e4ferenzen. Diese Cookies k\u00f6nnen nur auf dem Endger\u00e4t des Benutzers installiert werden, wenn er seine Zustimmung zu den in der Bestimmung angegebenen vereinfachten Verfahren gegeben hat.<\/p>\n<p>Basierend auf ihrer Dauer werden Cookies in&nbsp;<strong>persistent&nbsp;<\/strong>, die bis zu ihrem Ablauf auf dem Ger\u00e4t des Benutzers gespeichert bleiben, wenn es nicht von diesem entfernt wird, und in&nbsp;<strong>Sitzung&nbsp;<\/strong>unterteilt, die nicht dauerhaft auf dem Ger\u00e4t des Nutzers gespeichert und verschwinden beim Schlie\u00dfen des Browsers.<\/p>\n<p><strong><em>Welche Cookies werden von dieser Website verwendet?<\/em><\/strong><\/p>\n<h4>Google<\/h4>\n<p>Google<\/p>\n<table id=\"table_61c49b1061047\">\n<thead>\n<tr>\n<th>Name<\/th>\n<th>Url<\/th>\n<th>Description<\/th>\n<th>Duration<\/th>\n<\/tr>\n<\/thead>\n<tbody>\n<tr>\n<td>_GRECAPTCHA<\/td>\n<td>.google.com<\/td>\n<td>This cookie is set by the Google recaptcha service to identify bots to protect the website against malicious spam attacks.<\/td>\n<td>5 months 27 days<\/td>\n<\/tr>\n<\/tbody>\n<\/table>\n<p>&nbsp;<\/p>\n<p>In jedem Fall k\u00f6nnen Benutzer ihre Pr\u00e4ferenzen in Bezug auf verhaltensbasierte Online-Werbung (sogenannte &#8222;Online-Verhaltenswerbung&#8220;) \u00fcber die Website&nbsp;<a href=\"https:\/\/www.youronlinechoices.com\/de\/\" target=\" _blank \">https:\/\/www.youronlinechoices.com\/de\/<\/a>, das die wichtigsten Anbieter von verhaltensbasierter Werbung auflistet. \u00dcber diese Site k\u00f6nnen Benutzer alle Unternehmen deaktivieren oder aktivieren oder alternativ ihre Pr\u00e4ferenzen f\u00fcr jedes Unternehmen individuell anpassen.<\/p>\n<p><strong><em>Wie kann ich Cookies deaktivieren\/\u00e4ndern?<\/em><\/strong><\/p>\n<p>Um die bereits zu Cookies ge\u00e4u\u00dferten Pr\u00e4ferenzen zu \u00e4ndern, ist auf der Website ein spezieller Link zum Kontrollfeld am Rand der Seiten oder in der Fu\u00dfzeile (unterer Teil) der Website verf\u00fcgbar.<br \/>\nStandardm\u00e4\u00dfig sind fast alle Webbrowser so eingestellt, dass sie Cookies automatisch akzeptieren. Es ist jedoch m\u00f6glich, diese Standardkonfiguration \u00fcber die Browsereinstellungen zu \u00e4ndern. Das Deaktivieren\/Blockieren oder L\u00f6schen von Cookies k\u00f6nnte jedoch die optimale Nutzung einiger Bereiche der Website verhindern, die Nutzung einiger Dienste verhindern und die Navigation verlangsamen.<\/p>\n<p>Die Konfiguration der Cookie-Verwaltung h\u00e4ngt vom verwendeten Browser ab. Normalerweise erfolgt die Konfiguration von Cookies \u00fcber das Men\u00fc &#8222;Einstellungen&#8220;, &#8222;Extras&#8220; oder &#8222;Optionen&#8220;.<\/p>\n<p>Nachfolgend finden Sie die Links zu den Anleitungen zur Verwaltung der Cookies der wichtigsten Browser:<\/p>\n<p>Internet Explorer:&nbsp;<a href=\"http:\/\/support.microsoft.com\/kb\/278835\" target=\"_blank\" rel=\"noopener\">http:\/\/support.microsoft.com\/kb\/278835<\/a><br \/>\nMicrosoft Edge:&nbsp;<a href=\"https:\/\/support.microsoft.com\/it-it\/microsoft-edge\/eliminare-i-cookie-in-microsoft-edge-63947406-40ac-c3b8-57b9-2a946a29ae09\" target=\"_blank\" rel=\"noopener\">https:\/\/support.microsoft.com\/it-it\/microsoft-edge\/eliminare-i-cookie-in-microsoft-edge-63947406-40ac-c3b8-57b9-2a946a29ae09<\/a><br \/>\nChrome:&nbsp;<a href=\"http:\/\/support.google.com\/chrome\/bin\/answer.py?hl=en-GB&amp;answer=95647\" target=\"_blank\" rel=\"noopener\">http:\/\/support.google.com\/chrome\/bin\/answer.py?hl=en-GB&amp;answer=95647<\/a><br \/>\nSafari:&nbsp;<a href=\"https:\/\/support.apple.com\/it-it\/guide\/safari\/sfri11471\/mac\" target=\"_blank\" rel=\"noopener\">https:\/\/support.apple.com\/it-it\/guide\/safari\/sfri11471\/mac<\/a><br \/>\nSafari [versione mobile]:&nbsp;<a href=\"http:\/\/support.apple.com\/kb\/HT1677\" target=\"_blank\" rel=\"noopener\">http:\/\/support.apple.com\/kb\/HT1677<\/a><br \/>\nFirefox:&nbsp;<a href=\"http:\/\/support.mozilla.org\/en-US\/kb\/Enabling%20and%20disabling%20cookies\" target=\"_blank\" rel=\"noopener\">http:\/\/support.mozilla.org\/en-US\/kb\/Enabling%20and%20disabling%20cookies<\/a><\/p>\n<p><strong>2. ERWEITERTE DATENSCHUTZRICHTLINIE<\/strong><\/p>\n<p><a name=\"_Hlk90393340\"><\/a>Weitere Informationen zur Verarbeitung personenbezogener Daten durch den Datenverantwortlichen finden Sie in den erweiterten Informationen unter dem Link &#8222;Datenschutzerkl\u00e4rung&#8220; in der Fu\u00dfzeile (unterer Teil) der Website&nbsp;.<\/p>\n","protected":false},"excerpt":{"rendered":"<p>Cookie Policy Cookie Policy Diese Informationen gem\u00e4\u00df Art. 13 der DSGVO &#8211; EU-Verordnung 2016\/679 und Art. 122 Gesetzesdekret 196\/2003 (im Folgenden &#8222;&nbsp;Datenschutzkodex&nbsp;&#8222;) beschreibt die Verwaltungsmethoden dieser Website im Besitz von&nbsp;A.L.P.E. SRLin Bezug auf die Datenverarbeitung personenbezogener Daten von Benutzern, die sie konsultieren , auch gem\u00e4\u00df den Bestimmungen der Bestimmung des Datenschutzgaranten vom 10.6.2021 &#8222;Richtlinien f\u00fcr [&hellip;]<\/p>\n","protected":false},"author":1,"featured_media":0,"parent":0,"menu_order":0,"comment_status":"closed","ping_status":"closed","template":"","meta":{"_et_pb_use_builder":"","_et_pb_old_content":"","_et_gb_content_width":"","ngg_post_thumbnail":0,"footnotes":""},"class_list":["post-984","page","type-page","status-publish","hentry"],"yoast_head":"<!-- This site is optimized with the Yoast SEO plugin v18.5.1 - https:\/\/yoast.com\/wordpress\/plugins\/seo\/ -->\n<title>Web Policy Privacy - Alpe Srl<\/title>\n<meta name=\"robots\" content=\"index, follow, max-snippet:-1, max-image-preview:large, max-video-preview:-1\" \/>\n<link rel=\"canonical\" href=\"https:\/\/www.alpesrl.com\/de\/web-policy-privacy\/\" \/>\n<meta property=\"og:locale\" content=\"de_DE\" \/>\n<meta property=\"og:type\" content=\"article\" \/>\n<meta property=\"og:title\" content=\"Web Policy Privacy - Alpe Srl\" \/>\n<meta property=\"og:description\" content=\"Cookie Policy Cookie Policy Diese Informationen gem\u00e4\u00df Art. 13 der DSGVO &#8211; EU-Verordnung 2016\/679 und Art. 122 Gesetzesdekret 196\/2003 (im Folgenden &#8222;&nbsp;Datenschutzkodex&nbsp;&#8222;) beschreibt die Verwaltungsmethoden dieser Website im Besitz von&nbsp;A.L.P.E. SRLin Bezug auf die Datenverarbeitung personenbezogener Daten von Benutzern, die sie konsultieren , auch gem\u00e4\u00df den Bestimmungen der Bestimmung des Datenschutzgaranten vom 10.6.2021 &#8222;Richtlinien f\u00fcr [&hellip;]\" \/>\n<meta property=\"og:url\" content=\"https:\/\/www.alpesrl.com\/de\/web-policy-privacy\/\" \/>\n<meta property=\"og:site_name\" content=\"Alpe Srl\" \/>\n<meta property=\"article:modified_time\" content=\"2024-12-13T11:54:36+00:00\" \/>\n<meta name=\"twitter:card\" content=\"summary_large_image\" \/>\n<meta name=\"twitter:label1\" content=\"Gesch\u00e4tzte Lesezeit\" \/>\n\t<meta name=\"twitter:data1\" content=\"5\u00a0Minuten\" \/>\n<script type=\"application\/ld+json\" class=\"yoast-schema-graph\">{\"@context\":\"https:\/\/schema.org\",\"@graph\":[{\"@type\":\"WebSite\",\"@id\":\"https:\/\/www.alpesrl.com\/#website\",\"url\":\"https:\/\/www.alpesrl.com\/\",\"name\":\"Alpe Srl\",\"description\":\"Pavimenti in pietra a Cuneo\",\"potentialAction\":[{\"@type\":\"SearchAction\",\"target\":{\"@type\":\"EntryPoint\",\"urlTemplate\":\"https:\/\/www.alpesrl.com\/?s={search_term_string}\"},\"query-input\":\"required name=search_term_string\"}],\"inLanguage\":\"de\"},{\"@type\":\"WebPage\",\"@id\":\"https:\/\/www.alpesrl.com\/de\/web-policy-privacy\/#webpage\",\"url\":\"https:\/\/www.alpesrl.com\/de\/web-policy-privacy\/\",\"name\":\"Web Policy Privacy - Alpe Srl\",\"isPartOf\":{\"@id\":\"https:\/\/www.alpesrl.com\/#website\"},\"datePublished\":\"2017-02-17T08:25:09+00:00\",\"dateModified\":\"2024-12-13T11:54:36+00:00\",\"breadcrumb\":{\"@id\":\"https:\/\/www.alpesrl.com\/de\/web-policy-privacy\/#breadcrumb\"},\"inLanguage\":\"de\",\"potentialAction\":[{\"@type\":\"ReadAction\",\"target\":[\"https:\/\/www.alpesrl.com\/de\/web-policy-privacy\/\"]}]},{\"@type\":\"BreadcrumbList\",\"@id\":\"https:\/\/www.alpesrl.com\/de\/web-policy-privacy\/#breadcrumb\",\"itemListElement\":[{\"@type\":\"ListItem\",\"position\":1,\"name\":\"Home\",\"item\":\"https:\/\/www.alpesrl.com\/de\/\"},{\"@type\":\"ListItem\",\"position\":2,\"name\":\"Web Policy Privacy\"}]}]}<\/script>\n<!-- \/ Yoast SEO plugin. -->","yoast_head_json":{"title":"Web Policy Privacy - Alpe Srl","robots":{"index":"index","follow":"follow","max-snippet":"max-snippet:-1","max-image-preview":"max-image-preview:large","max-video-preview":"max-video-preview:-1"},"canonical":"https:\/\/www.alpesrl.com\/de\/web-policy-privacy\/","og_locale":"de_DE","og_type":"article","og_title":"Web Policy Privacy - Alpe Srl","og_description":"Cookie Policy Cookie Policy Diese Informationen gem\u00e4\u00df Art. 13 der DSGVO &#8211; EU-Verordnung 2016\/679 und Art. 122 Gesetzesdekret 196\/2003 (im Folgenden &#8222;&nbsp;Datenschutzkodex&nbsp;&#8222;) beschreibt die Verwaltungsmethoden dieser Website im Besitz von&nbsp;A.L.P.E. SRLin Bezug auf die Datenverarbeitung personenbezogener Daten von Benutzern, die sie konsultieren , auch gem\u00e4\u00df den Bestimmungen der Bestimmung des Datenschutzgaranten vom 10.6.2021 &#8222;Richtlinien f\u00fcr [&hellip;]","og_url":"https:\/\/www.alpesrl.com\/de\/web-policy-privacy\/","og_site_name":"Alpe Srl","article_modified_time":"2024-12-13T11:54:36+00:00","twitter_card":"summary_large_image","twitter_misc":{"Gesch\u00e4tzte Lesezeit":"5\u00a0Minuten"},"schema":{"@context":"https:\/\/schema.org","@graph":[{"@type":"WebSite","@id":"https:\/\/www.alpesrl.com\/#website","url":"https:\/\/www.alpesrl.com\/","name":"Alpe Srl","description":"Pavimenti in pietra a Cuneo","potentialAction":[{"@type":"SearchAction","target":{"@type":"EntryPoint","urlTemplate":"https:\/\/www.alpesrl.com\/?s={search_term_string}"},"query-input":"required name=search_term_string"}],"inLanguage":"de"},{"@type":"WebPage","@id":"https:\/\/www.alpesrl.com\/de\/web-policy-privacy\/#webpage","url":"https:\/\/www.alpesrl.com\/de\/web-policy-privacy\/","name":"Web Policy Privacy - Alpe Srl","isPartOf":{"@id":"https:\/\/www.alpesrl.com\/#website"},"datePublished":"2017-02-17T08:25:09+00:00","dateModified":"2024-12-13T11:54:36+00:00","breadcrumb":{"@id":"https:\/\/www.alpesrl.com\/de\/web-policy-privacy\/#breadcrumb"},"inLanguage":"de","potentialAction":[{"@type":"ReadAction","target":["https:\/\/www.alpesrl.com\/de\/web-policy-privacy\/"]}]},{"@type":"BreadcrumbList","@id":"https:\/\/www.alpesrl.com\/de\/web-policy-privacy\/#breadcrumb","itemListElement":[{"@type":"ListItem","position":1,"name":"Home","item":"https:\/\/www.alpesrl.com\/de\/"},{"@type":"ListItem","position":2,"name":"Web Policy Privacy"}]}]}},"_links":{"self":[{"href":"https:\/\/www.alpesrl.com\/de\/wp-json\/wp\/v2\/pages\/984","targetHints":{"allow":["GET"]}}],"collection":[{"href":"https:\/\/www.alpesrl.com\/de\/wp-json\/wp\/v2\/pages"}],"about":[{"href":"https:\/\/www.alpesrl.com\/de\/wp-json\/wp\/v2\/types\/page"}],"author":[{"embeddable":true,"href":"https:\/\/www.alpesrl.com\/de\/wp-json\/wp\/v2\/users\/1"}],"replies":[{"embeddable":true,"href":"https:\/\/www.alpesrl.com\/de\/wp-json\/wp\/v2\/comments?post=984"}],"version-history":[{"count":2,"href":"https:\/\/www.alpesrl.com\/de\/wp-json\/wp\/v2\/pages\/984\/revisions"}],"predecessor-version":[{"id":991,"href":"https:\/\/www.alpesrl.com\/de\/wp-json\/wp\/v2\/pages\/984\/revisions\/991"}],"wp:attachment":[{"href":"https:\/\/www.alpesrl.com\/de\/wp-json\/wp\/v2\/media?parent=984"}],"curies":[{"name":"wp","href":"https:\/\/api.w.org\/{rel}","templated":true}]}}