{"id":1025,"date":"2024-12-13T12:21:30","date_gmt":"2024-12-13T11:21:30","guid":{"rendered":"http:\/\/www.alpesrl.com\/cave\/"},"modified":"2024-12-13T16:57:19","modified_gmt":"2024-12-13T15:57:19","slug":"steinbrueche","status":"publish","type":"page","link":"https:\/\/www.alpesrl.com\/de\/steinbrueche\/","title":{"rendered":"STEINBR\u00dcCHE"},"content":{"rendered":"<p>[et_pb_section fb_built=&#8220;1&#8243; _builder_version=&#8220;4.16.1&#8243; _module_preset=&#8220;default&#8220; background_color=&#8220;rgba(32,73,91,0.2)&#8220; custom_padding=&#8220;0px||0px||true|false&#8220; global_colors_info=&#8220;{}&#8220;][et_pb_row _builder_version=&#8220;4.16.1&#8243; _module_preset=&#8220;default&#8220; background_color=&#8220;#FFFFFF&#8220; custom_padding=&#8220;80px|50px|80px|50px|true|true&#8220; box_shadow_style=&#8220;preset3&#8243; box_shadow_blur=&#8220;30px&#8220; global_colors_info=&#8220;{}&#8220;][et_pb_column type=&#8220;4_4&#8243; _builder_version=&#8220;4.16.1&#8243; _module_preset=&#8220;default&#8220; global_colors_info=&#8220;{}&#8220;][et_pb_post_title meta=&#8220;off&#8220; featured_image=&#8220;off&#8220; _builder_version=&#8220;4.16.1&#8243; _module_preset=&#8220;default&#8220; title_font=&#8220;|700||on|||||&#8220; title_text_color=&#8220;#20495b&#8220; global_colors_info=&#8220;{}&#8220;][\/et_pb_post_title][\/et_pb_column][\/et_pb_row][\/et_pb_section][et_pb_section fb_built=&#8220;1&#8243; _builder_version=&#8220;4.16.1&#8243; _module_preset=&#8220;default&#8220; custom_padding=&#8220;||150px||false|false&#8220; global_colors_info=&#8220;{}&#8220;][et_pb_row column_structure=&#8220;1_2,1_2&#8243; use_custom_gutter=&#8220;on&#8220; gutter_width=&#8220;1&#8243; make_equal=&#8220;on&#8220; module_id=&#8220;azienda&#8220; _builder_version=&#8220;4.17.0&#8243; _module_preset=&#8220;default&#8220; custom_padding=&#8220;0px||0px||true|false&#8220; global_colors_info=&#8220;{}&#8220;][et_pb_column type=&#8220;1_2&#8243; _builder_version=&#8220;4.17.0&#8243; _module_preset=&#8220;default&#8220; background_image=&#8220;http:\/\/www.alpesrl.com\/wp-content\/uploads\/2022\/04\/cave.jpg&#8220; global_colors_info=&#8220;{}&#8220;][et_pb_divider show_divider=&#8220;off&#8220; _builder_version=&#8220;4.16.1&#8243; _module_preset=&#8220;default&#8220; custom_padding=&#8220;||||true&#8220; custom_padding_tablet=&#8220;30%||30%||true|false&#8220; custom_padding_phone=&#8220;30%||30%||true|false&#8220; custom_padding_last_edited=&#8220;on|tablet&#8220; global_colors_info=&#8220;{}&#8220;][\/et_pb_divider][\/et_pb_column][et_pb_column type=&#8220;1_2&#8243; _builder_version=&#8220;4.16.1&#8243; _module_preset=&#8220;default&#8220; background_color=&#8220;rgba(0,0,0,0.1)&#8220; custom_padding=&#8220;80px|50px|80px|50px|true|true&#8220; custom_padding_tablet=&#8220;80px|50px|80px|50px|true|true&#8220; custom_padding_phone=&#8220;50px|30px|50px|30px|true|true&#8220; custom_padding_last_edited=&#8220;on|phone&#8220; global_colors_info=&#8220;{}&#8220;][et_pb_text _builder_version=&#8220;4.17.0&#8243; _module_preset=&#8220;default&#8220; header_3_font=&#8220;|700||on|||||&#8220; custom_padding=&#8220;||10px||false|false&#8220; hover_enabled=&#8220;0&#8243; global_colors_info=&#8220;{}&#8220; sticky_enabled=&#8220;0&#8243;]<\/p>\n<h3>Entdecken Sie die Welt der Steine: Die majest\u00e4tische Umgebung unserer Steinbr\u00fcche<\/h3>\n<p>[\/et_pb_text][et_pb_text _builder_version=&#8220;4.17.0&#8243; _module_preset=&#8220;default&#8220; text_font=&#8220;|300|||||||&#8220; text_line_height=&#8220;2em&#8220; header_3_font=&#8220;|700|||||||&#8220; hover_enabled=&#8220;0&#8243; global_colors_info=&#8220;{}&#8220; sticky_enabled=&#8220;0&#8243;]Willkommen im Herzen der Cottischen Alpen, wo Natur und Kunst in den Erzeugnissen aus Luserna-Gneis zum Ausdruck kommen. Unsere Steinbr\u00fcche, die auf eine lange Tradition zur\u00fcckblicken, sind Cava Rocche Grana, Cava Casette und Cava Bricco Volti. Es handelt sich um echte Wunderwerke der Natur, die zwischen dem Val Pellice und Val Infernotto liegen, nur einen Kilometer vom Weiler Montoso\/Piemont auf ca. 1.400 m H\u00f6he \u00fc.d.M. entfernt.<\/p>\n<p>Beim Abbau der Steine werden spezielle Bohrmaschinen verwendet, die eine gezielte Positionierung der Sprengstoffe erm\u00f6glichen. Auf diese Weise k\u00f6nnen gleichm\u00e4\u00dfige Bl\u00f6cke gewonnen werden, deren \u00c4sthetik nicht beeintr\u00e4chtigt wird, sodass sie als echte \u201eKunstwerke der Natur\u201c angesehen werden k\u00f6nnen. Das Ergebnis sind Steinbl\u00f6cke von majest\u00e4tischer Sch\u00f6nheit, die sich perfekt in Ihre Bauvorhaben integrieren lassen.<br \/>\nJeder aus den Steinbr\u00fcchen Rocche Grana, Casette und Bricco Volti gewonnener Block ist ein einzigartiges Geschenk der Natur, dessen Geschichte in Ihre Projekte einflie\u00dft. Wir bauen nicht nur Stein ab, sondern verstehen uns als Bewahrer einer tausendj\u00e4hrigen Tradition, mit der wir Ihr Alltagsleben bereichern.<br \/>\nErkunden Sie gemeinsam mit uns die Welt der Steine, wo sich der Zauber der Natur mit der hohen Kunst der Steinverarbeitung verbindet.[\/et_pb_text][\/et_pb_column][\/et_pb_row][et_pb_row column_structure=&#8220;1_2,1_2&#8243; use_custom_gutter=&#8220;on&#8220; gutter_width=&#8220;1&#8243; make_equal=&#8220;on&#8220; module_id=&#8220;laboratorio&#8220; _builder_version=&#8220;4.17.0&#8243; _module_preset=&#8220;default&#8220; custom_padding=&#8220;0px||0px||true|false&#8220; global_colors_info=&#8220;{}&#8220; custom_css_main_element_last_edited=&#8220;on|tablet&#8220; custom_css_main_element_tablet=&#8220;display:flex;||flex-flow:column-reverse;&#8220; custom_css_main_element_phone=&#8220;display:flex;||flex-flow:column-reverse;&#8220;][et_pb_column type=&#8220;1_2&#8243; _builder_version=&#8220;4.16.1&#8243; _module_preset=&#8220;default&#8220; background_enable_color=&#8220;off&#8220; custom_padding=&#8220;80px|50px|80px|50px|true|true&#8220; custom_padding_tablet=&#8220;||||true|true&#8220; custom_padding_phone=&#8220;50px|30px|50px|30px|true|true&#8220; custom_padding_last_edited=&#8220;on|phone&#8220; global_colors_info=&#8220;{}&#8220;][et_pb_text _builder_version=&#8220;4.17.0&#8243; _module_preset=&#8220;default&#8220; header_3_font=&#8220;|700||on|||||&#8220; custom_padding=&#8220;||10px||false|false&#8220; hover_enabled=&#8220;0&#8243; global_colors_info=&#8220;{}&#8220; sticky_enabled=&#8220;0&#8243;]<\/p>\n<h3>Aus Stein wird Kunst:<\/h3>\n<p>[\/et_pb_text][et_pb_text _builder_version=&#8220;4.17.0&#8243; _module_preset=&#8220;default&#8220; text_font=&#8220;|300|||||||&#8220; text_line_height=&#8220;2em&#8220; hover_enabled=&#8220;0&#8243; global_colors_info=&#8220;{}&#8220; sticky_enabled=&#8220;0&#8243;]Nach der auf die Gewinnung folgenden sorgf\u00e4ltigen Auswahl werden die Steine auf eine au\u00dfergew\u00f6hnliche Reise geschickt. Sie werden mit gro\u00dfer Umsicht an unsere Produktionsst\u00e4tte geliefert, wo sie zu verschiedensten Erzeugnissen verarbeitet werden: von stimmungsvollen Treppen \u00fcber elegante Fenstersimse, funktionale und stilvolle K\u00fcchenarbeitsplatten bis hin zu Duschwannen, die Ihr Badezimmer in eine Wohlf\u00fchloase verwandeln. Diese Auflistung wird zus\u00e4tzlich erg\u00e4nzt durch Kamineinfassungen sowie verschiedenste Verkleidungsm\u00f6glichkeiten, die jedem Innen- und Au\u00dfenbereich eine zeitlose \u00c4sthetik verleihen.<\/p>\n<p>Dank unseres Know-hows sind wir in der Lage, aus dem Stein Erzeugnisse zu schaffen, die in jedem Ambiente besondere Akzente setzen. Jeder Schnitt und jede Bearbeitung sind auf echte Perfektion ausgerichtet, die eine Hommage an die \u00c4sthetik ist.<\/p>\n<p>Wir haben den Anspruch, die Poesie der Steine zu erhalten und aus jeder Bearbeitung ein kleines Kunstwerk entstehen zu lassen. W\u00e4hlen Sie unsere STEINVERARBEITUNG und bringen Sie die zauberhafte Stimmung der Natur in Ihr Ambiente, kombiniert mit der Funktionalit\u00e4t und Einzigartigkeit unserer Erzeugnisse.[\/et_pb_text][\/et_pb_column][et_pb_column type=&#8220;1_2&#8243; _builder_version=&#8220;4.17.0&#8243; _module_preset=&#8220;default&#8220; background_image=&#8220;http:\/\/www.alpesrl.com\/wp-content\/uploads\/2022\/04\/cava3_r.jpg&#8220; global_colors_info=&#8220;{}&#8220;][et_pb_divider show_divider=&#8220;off&#8220; _builder_version=&#8220;4.16.1&#8243; _module_preset=&#8220;default&#8220; custom_padding=&#8220;||||true&#8220; custom_padding_tablet=&#8220;30%||30%||true|false&#8220; custom_padding_phone=&#8220;30%||30%||true|false&#8220; custom_padding_last_edited=&#8220;on|tablet&#8220; global_colors_info=&#8220;{}&#8220;][\/et_pb_divider][\/et_pb_column][\/et_pb_row][\/et_pb_section][et_pb_section fb_built=&#8220;1&#8243; custom_padding_last_edited=&#8220;on|phone&#8220; _builder_version=&#8220;4.16.1&#8243; _module_preset=&#8220;default&#8220; background_image=&#8220;http:\/\/www.alpesrl.com\/wp-content\/uploads\/2022\/04\/slider-home3-1.jpg&#8220; parallax=&#8220;on&#8220; parallax_method=&#8220;off&#8220; custom_padding=&#8220;0px||10%||false|false&#8220; custom_padding_tablet=&#8220;||20%||false|false&#8220; custom_padding_phone=&#8220;||20%||false|false&#8220; global_colors_info=&#8220;{}&#8220;][et_pb_row custom_padding_last_edited=&#8220;on|phone&#8220; _builder_version=&#8220;4.16.1&#8243; _module_preset=&#8220;default&#8220; background_color=&#8220;#FFFFFF&#8220; transform_scale_tablet=&#8220;&#8220; transform_scale_phone=&#8220;&#8220; transform_scale_last_edited=&#8220;on|desktop&#8220; transform_translate=&#8220;0px|-60px&#8220; transform_translate_tablet=&#8220;0px|-80px&#8220; transform_translate_phone=&#8220;0px|-100px&#8220; transform_translate_last_edited=&#8220;on|phone&#8220; transform_translate_linked=&#8220;off&#8220; transform_rotate_tablet=&#8220;&#8220; transform_rotate_phone=&#8220;&#8220; transform_rotate_last_edited=&#8220;on|desktop&#8220; transform_skew_tablet=&#8220;&#8220; transform_skew_phone=&#8220;&#8220; transform_skew_last_edited=&#8220;on|desktop&#8220; transform_origin_tablet=&#8220;&#8220; transform_origin_phone=&#8220;&#8220; transform_origin_last_edited=&#8220;on|desktop&#8220; transform_styles_last_edited=&#8220;on|phone&#8220; custom_padding=&#8220;100px|60px|100px|60px|true|true&#8220; custom_padding_tablet=&#8220;80px|40px|80px|40px|true|true&#8220; custom_padding_phone=&#8220;50px|20px|50px|20px|true|true&#8220; transform_styles_tablet=&#8220;&#8220; transform_styles_phone=&#8220;&#8220; box_shadow_style=&#8220;preset1&#8243; box_shadow_blur=&#8220;30px&#8220; box_shadow_color=&#8220;rgba(0,0,0,0.1)&#8220; global_colors_info=&#8220;{}&#8220;][et_pb_column type=&#8220;4_4&#8243; _builder_version=&#8220;4.16.1&#8243; _module_preset=&#8220;default&#8220; global_colors_info=&#8220;{}&#8220;][et_pb_image src=&#8220;http:\/\/www.alpesrl.com\/wp-content\/uploads\/2022\/04\/favicon.png&#8220; title_text=&#8220;favicon&#8220; align=&#8220;center&#8220; _builder_version=&#8220;4.17.0&#8243; _module_preset=&#8220;default&#8220; global_colors_info=&#8220;{}&#8220;][\/et_pb_image][et_pb_text _builder_version=&#8220;4.17.0&#8243; _module_preset=&#8220;default&#8220; header_2_font=&#8220;|700||on|||||&#8220; header_2_text_align=&#8220;center&#8220; header_2_font_size=&#8220;35px&#8220; header_3_font=&#8220;|300||on|||||&#8220; header_3_text_align=&#8220;center&#8220; header_3_font_size=&#8220;16px&#8220; header_3_letter_spacing=&#8220;1px&#8220; hover_enabled=&#8220;0&#8243; header_2_font_size_tablet=&#8220;35px&#8220; header_2_font_size_phone=&#8220;25px&#8220; header_2_font_size_last_edited=&#8220;on|phone&#8220; header_3_font_size_tablet=&#8220;16px&#8220; header_3_font_size_phone=&#8220;13px&#8220; header_3_font_size_last_edited=&#8220;on|phone&#8220; global_colors_info=&#8220;{}&#8220; sticky_enabled=&#8220;0&#8243;]<\/p>\n<h3>Steingewinnung und -verarbeitung<\/h3>\n<h2>Kontaktieren Sie uns<\/h2>\n<p>[\/et_pb_text][et_pb_button button_url=&#8220;http:\/\/www.alpesrl.com\/de\/kontakte\/&#8220; button_text=&#8220;Zum Formular&#8220; button_alignment=&#8220;center&#8220; _builder_version=&#8220;4.17.0&#8243; _module_preset=&#8220;default&#8220; custom_button=&#8220;on&#8220; button_text_size=&#8220;15px&#8220; button_border_radius=&#8220;5px&#8220; button_font=&#8220;|700||on|||||&#8220; button_icon=&#8220;&#x24;||divi||400&#8243; custom_padding=&#8220;15px|60px|15px|60px|true|true&#8220; custom_padding_tablet=&#8220;15px|60px|15px|60px|true|true&#8220; custom_padding_phone=&#8220;|40px||40px|true|true&#8220; custom_padding_last_edited=&#8220;on|phone&#8220; hover_enabled=&#8220;0&#8243; button_text_size_tablet=&#8220;15px&#8220; button_text_size_phone=&#8220;14px&#8220; button_text_size_last_edited=&#8220;on|phone&#8220; global_colors_info=&#8220;{}&#8220; sticky_enabled=&#8220;0&#8243;][\/et_pb_button][\/et_pb_column][\/et_pb_row][\/et_pb_section]<\/p>\n","protected":false},"excerpt":{"rendered":"<p>Entdecken Sie die Welt der Steine: Die majest\u00e4tische Umgebung unserer Steinbr\u00fccheWillkommen im Herzen der Cottischen Alpen, wo Natur und Kunst in den Erzeugnissen aus Luserna-Gneis zum Ausdruck kommen. Unsere Steinbr\u00fcche, die auf eine lange Tradition zur\u00fcckblicken, sind Cava Rocche Grana, Cava Casette und Cava Bricco Volti. Es handelt sich um echte Wunderwerke der Natur, die [&hellip;]<\/p>\n","protected":false},"author":1,"featured_media":0,"parent":0,"menu_order":0,"comment_status":"closed","ping_status":"closed","template":"","meta":{"_et_pb_use_builder":"on","_et_pb_old_content":"","_et_gb_content_width":"","ngg_post_thumbnail":0,"footnotes":""},"class_list":["post-1025","page","type-page","status-publish","hentry"],"yoast_head":"<!-- This site is optimized with the Yoast SEO plugin v18.5.1 - https:\/\/yoast.com\/wordpress\/plugins\/seo\/ -->\n<title>STEINBR\u00dcCHE - Alpe Srl<\/title>\n<meta name=\"robots\" content=\"index, follow, max-snippet:-1, max-image-preview:large, max-video-preview:-1\" \/>\n<link rel=\"canonical\" href=\"https:\/\/www.alpesrl.com\/de\/steinbrueche\/\" \/>\n<meta property=\"og:locale\" content=\"de_DE\" \/>\n<meta property=\"og:type\" content=\"article\" \/>\n<meta property=\"og:title\" content=\"STEINBR\u00dcCHE - Alpe Srl\" \/>\n<meta property=\"og:description\" content=\"Entdecken Sie die Welt der Steine: Die majest\u00e4tische Umgebung unserer Steinbr\u00fccheWillkommen im Herzen der Cottischen Alpen, wo Natur und Kunst in den Erzeugnissen aus Luserna-Gneis zum Ausdruck kommen. Unsere Steinbr\u00fcche, die auf eine lange Tradition zur\u00fcckblicken, sind Cava Rocche Grana, Cava Casette und Cava Bricco Volti. Es handelt sich um echte Wunderwerke der Natur, die [&hellip;]\" \/>\n<meta property=\"og:url\" content=\"https:\/\/www.alpesrl.com\/de\/steinbrueche\/\" \/>\n<meta property=\"og:site_name\" content=\"Alpe Srl\" \/>\n<meta property=\"article:modified_time\" content=\"2024-12-13T15:57:19+00:00\" \/>\n<meta name=\"twitter:card\" content=\"summary_large_image\" \/>\n<meta name=\"twitter:label1\" content=\"Gesch\u00e4tzte Lesezeit\" \/>\n\t<meta name=\"twitter:data1\" content=\"7\u00a0Minuten\" \/>\n<script type=\"application\/ld+json\" class=\"yoast-schema-graph\">{\"@context\":\"https:\/\/schema.org\",\"@graph\":[{\"@type\":\"WebSite\",\"@id\":\"https:\/\/www.alpesrl.com\/#website\",\"url\":\"https:\/\/www.alpesrl.com\/\",\"name\":\"Alpe Srl\",\"description\":\"Pavimenti in pietra a Cuneo\",\"potentialAction\":[{\"@type\":\"SearchAction\",\"target\":{\"@type\":\"EntryPoint\",\"urlTemplate\":\"https:\/\/www.alpesrl.com\/?s={search_term_string}\"},\"query-input\":\"required name=search_term_string\"}],\"inLanguage\":\"de\"},{\"@type\":\"WebPage\",\"@id\":\"https:\/\/www.alpesrl.com\/de\/steinbrueche\/#webpage\",\"url\":\"https:\/\/www.alpesrl.com\/de\/steinbrueche\/\",\"name\":\"STEINBR\u00dcCHE - Alpe Srl\",\"isPartOf\":{\"@id\":\"https:\/\/www.alpesrl.com\/#website\"},\"datePublished\":\"2024-12-13T11:21:30+00:00\",\"dateModified\":\"2024-12-13T15:57:19+00:00\",\"breadcrumb\":{\"@id\":\"https:\/\/www.alpesrl.com\/de\/steinbrueche\/#breadcrumb\"},\"inLanguage\":\"de\",\"potentialAction\":[{\"@type\":\"ReadAction\",\"target\":[\"https:\/\/www.alpesrl.com\/de\/steinbrueche\/\"]}]},{\"@type\":\"BreadcrumbList\",\"@id\":\"https:\/\/www.alpesrl.com\/de\/steinbrueche\/#breadcrumb\",\"itemListElement\":[{\"@type\":\"ListItem\",\"position\":1,\"name\":\"Home\",\"item\":\"https:\/\/www.alpesrl.com\/de\/\"},{\"@type\":\"ListItem\",\"position\":2,\"name\":\"STEINBR\u00dcCHE\"}]}]}<\/script>\n<!-- \/ Yoast SEO plugin. -->","yoast_head_json":{"title":"STEINBR\u00dcCHE - Alpe Srl","robots":{"index":"index","follow":"follow","max-snippet":"max-snippet:-1","max-image-preview":"max-image-preview:large","max-video-preview":"max-video-preview:-1"},"canonical":"https:\/\/www.alpesrl.com\/de\/steinbrueche\/","og_locale":"de_DE","og_type":"article","og_title":"STEINBR\u00dcCHE - Alpe Srl","og_description":"Entdecken Sie die Welt der Steine: Die majest\u00e4tische Umgebung unserer Steinbr\u00fccheWillkommen im Herzen der Cottischen Alpen, wo Natur und Kunst in den Erzeugnissen aus Luserna-Gneis zum Ausdruck kommen. Unsere Steinbr\u00fcche, die auf eine lange Tradition zur\u00fcckblicken, sind Cava Rocche Grana, Cava Casette und Cava Bricco Volti. Es handelt sich um echte Wunderwerke der Natur, die [&hellip;]","og_url":"https:\/\/www.alpesrl.com\/de\/steinbrueche\/","og_site_name":"Alpe Srl","article_modified_time":"2024-12-13T15:57:19+00:00","twitter_card":"summary_large_image","twitter_misc":{"Gesch\u00e4tzte Lesezeit":"7\u00a0Minuten"},"schema":{"@context":"https:\/\/schema.org","@graph":[{"@type":"WebSite","@id":"https:\/\/www.alpesrl.com\/#website","url":"https:\/\/www.alpesrl.com\/","name":"Alpe Srl","description":"Pavimenti in pietra a Cuneo","potentialAction":[{"@type":"SearchAction","target":{"@type":"EntryPoint","urlTemplate":"https:\/\/www.alpesrl.com\/?s={search_term_string}"},"query-input":"required name=search_term_string"}],"inLanguage":"de"},{"@type":"WebPage","@id":"https:\/\/www.alpesrl.com\/de\/steinbrueche\/#webpage","url":"https:\/\/www.alpesrl.com\/de\/steinbrueche\/","name":"STEINBR\u00dcCHE - Alpe Srl","isPartOf":{"@id":"https:\/\/www.alpesrl.com\/#website"},"datePublished":"2024-12-13T11:21:30+00:00","dateModified":"2024-12-13T15:57:19+00:00","breadcrumb":{"@id":"https:\/\/www.alpesrl.com\/de\/steinbrueche\/#breadcrumb"},"inLanguage":"de","potentialAction":[{"@type":"ReadAction","target":["https:\/\/www.alpesrl.com\/de\/steinbrueche\/"]}]},{"@type":"BreadcrumbList","@id":"https:\/\/www.alpesrl.com\/de\/steinbrueche\/#breadcrumb","itemListElement":[{"@type":"ListItem","position":1,"name":"Home","item":"https:\/\/www.alpesrl.com\/de\/"},{"@type":"ListItem","position":2,"name":"STEINBR\u00dcCHE"}]}]}},"_links":{"self":[{"href":"https:\/\/www.alpesrl.com\/de\/wp-json\/wp\/v2\/pages\/1025","targetHints":{"allow":["GET"]}}],"collection":[{"href":"https:\/\/www.alpesrl.com\/de\/wp-json\/wp\/v2\/pages"}],"about":[{"href":"https:\/\/www.alpesrl.com\/de\/wp-json\/wp\/v2\/types\/page"}],"author":[{"embeddable":true,"href":"https:\/\/www.alpesrl.com\/de\/wp-json\/wp\/v2\/users\/1"}],"replies":[{"embeddable":true,"href":"https:\/\/www.alpesrl.com\/de\/wp-json\/wp\/v2\/comments?post=1025"}],"version-history":[{"count":3,"href":"https:\/\/www.alpesrl.com\/de\/wp-json\/wp\/v2\/pages\/1025\/revisions"}],"predecessor-version":[{"id":1314,"href":"https:\/\/www.alpesrl.com\/de\/wp-json\/wp\/v2\/pages\/1025\/revisions\/1314"}],"wp:attachment":[{"href":"https:\/\/www.alpesrl.com\/de\/wp-json\/wp\/v2\/media?parent=1025"}],"curies":[{"name":"wp","href":"https:\/\/api.w.org\/{rel}","templated":true}]}}